{"id":1981,"date":"2025-11-30T13:45:38","date_gmt":"2025-11-30T13:45:38","guid":{"rendered":"https:\/\/eduhaber.net.tr\/?page_id=1981"},"modified":"2025-11-30T13:55:31","modified_gmt":"2025-11-30T13:55:31","slug":"kunye","status":"publish","type":"page","link":"https:\/\/eduhaber.net.tr\/index.php\/kunye\/","title":{"rendered":"K\u00fcnye"},"content":{"rendered":"<p>\u0130MT\u0130YAZ SAH\u0130B\u0130<\/p>\n<p><strong>PARLA MATFEN E\u011e\u0130T\u0130M H\u0130ZMETLER\u0130 L\u0130M\u0130TED \u015e\u0130RKET\u0130<\/strong><\/p>\n<p><strong> GENEL YAYIN KOORD\u0130NAT\u00d6R\u00dc <\/strong><\/p>\n<p>Erdal B\u0130\u00c7ER<\/p>\n<p><strong>YAZI \u0130\u015eLER\u0130 M\u00dcD\u00dcR\u00dc <\/strong><\/p>\n<p>Mustafa Yi\u011fit B\u0130\u00c7ER<\/p>\n<p>Efe G\u00f6rkem B\u0130\u00c7ER<\/p>\n<p><strong>HABER ED\u0130T\u00d6R\u00dc <\/strong><\/p>\n<p>Azra BULUT<\/p>\n<p><strong>G\u00d6RSEL TASARIM\u00a0<\/strong><\/p>\n<p>Cenk D\u0130N\u00c7ER<\/p>\n<p>Bask\u0131: \u0130hlas Gazetecilik A.\u015e. Saracalar Mahallesi 57. Cadde No:21 AKYURT<\/p>\n<p>Tel 0312 351 83 10<\/p>\n<p>&nbsp;<\/p>\n<p>&nbsp;<\/p>\n","protected":false},"excerpt":{"rendered":"<p>\u0130MT\u0130YAZ SAH\u0130B\u0130 PARLA MATFEN E\u011e\u0130T\u0130M H\u0130ZMETLER\u0130 L\u0130M\u0130TED \u015e\u0130RKET\u0130 GENEL YAYIN KOORD\u0130NAT\u00d6R\u00dc Erdal B\u0130\u00c7ER YAZI \u0130\u015eLER\u0130 M\u00dcD\u00dcR\u00dc&#46;&#46;&#46;<\/p>\n","protected":false},"author":1,"featured_media":0,"parent":0,"menu_order":0,"comment_status":"closed","ping_status":"closed","template":"","meta":{"footnotes":""},"class_list":["post-1981","page","type-page","status-publish","hentry"],"_links":{"self":[{"href":"https:\/\/eduhaber.net.tr\/index.php\/wp-json\/wp\/v2\/pages\/1981","targetHints":{"allow":["GET"]}}],"collection":[{"href":"https:\/\/eduhaber.net.tr\/index.php\/wp-json\/wp\/v2\/pages"}],"about":[{"href":"https:\/\/eduhaber.net.tr\/index.php\/wp-json\/wp\/v2\/types\/page"}],"author":[{"embeddable":true,"href":"https:\/\/eduhaber.net.tr\/index.php\/wp-json\/wp\/v2\/users\/1"}],"replies":[{"embeddable":true,"href":"https:\/\/eduhaber.net.tr\/index.php\/wp-json\/wp\/v2\/comments?post=1981"}],"version-history":[{"count":4,"href":"https:\/\/eduhaber.net.tr\/index.php\/wp-json\/wp\/v2\/pages\/1981\/revisions"}],"predecessor-version":[{"id":1987,"href":"https:\/\/eduhaber.net.tr\/index.php\/wp-json\/wp\/v2\/pages\/1981\/revisions\/1987"}],"wp:attachment":[{"href":"https:\/\/eduhaber.net.tr\/index.php\/wp-json\/wp\/v2\/media?parent=1981"}],"curies":[{"name":"wp","href":"https:\/\/api.w.org\/{rel}","templated":true}]}}