{"id":220,"date":"2020-12-04T16:02:19","date_gmt":"2020-12-04T16:02:19","guid":{"rendered":"https:\/\/demo.kanthemes.com.tr\/kanews\/?page_id=220"},"modified":"2020-12-04T16:02:19","modified_gmt":"2020-12-04T16:02:19","slug":"cryptocurrencies","status":"publish","type":"page","link":"https:\/\/eduhaber.net.tr\/index.php\/cryptocurrencies\/","title":{"rendered":"Cryptocurrencies"},"content":{"rendered":"<div class=\"accordion\" id=\"custom-collapse-0\" role=\"tablist\" aria-multiselectable=\"true\"><br \/><div class=\"collapse-item\">\n    <div class=\"collapse-item-header\">\n      <button class=\"collapse-btn \" data-toggle=\"collapse\" data-parent=\"#custom-collapse-0\" href=\"#custom-collapse-0-0\">\n        <h3>\n          Kanews Wordpress Haber Temas\u0131\n        <\/h3>\n      <\/button>\n      <\/div>\n      <div id=\"custom-collapse-0-0\" class=\"collapse in\">\n        <div class=\"collapse-item-body\"><\/p>\n<p>Yayg\u0131n inanc\u0131n tersine, Lorem Ipsum rastgele s\u00f6zc\u00fcklerden olu\u015fmaz. K\u00f6kleri M.\u00d6. 45 tarihinden bu yana klasik Latin edebiyat\u0131na kadar uzanan 2000 y\u0131ll\u0131k bir ge\u00e7mi\u015fi vard\u0131r.<\/p>\n<p><\/div>\n      <\/div>\n    <\/div><br \/><div class=\"collapse-item\">\n    <div class=\"collapse-item-header\">\n      <button class=\"collapse-btn collapsed\" data-toggle=\"collapse\" data-parent=\"#custom-collapse-0\" href=\"#custom-collapse-0-1\">\n        <h3>\n          Kanews Nedir?\n        <\/h3>\n      <\/button>\n      <\/div>\n      <div id=\"custom-collapse-0-1\" class=\"collapse\">\n        <div class=\"collapse-item-body\"><\/p>\n<p>Yayg\u0131n inanc\u0131n tersine, Lorem Ipsum rastgele s\u00f6zc\u00fcklerden olu\u015fmaz. K\u00f6kleri M.\u00d6. 45 tarihinden bu yana klasik Latin edebiyat\u0131na kadar uzanan 2000 y\u0131ll\u0131k bir ge\u00e7mi\u015fi vard\u0131r.<\/p>\n<p><\/div>\n      <\/div>\n    <\/div><br \/><div class=\"collapse-item\">\n    <div class=\"collapse-item-header\">\n      <button class=\"collapse-btn collapsed\" data-toggle=\"collapse\" data-parent=\"#custom-collapse-0\" href=\"#custom-collapse-0-2\">\n        <h3>\n          Kanews Nas\u0131l Kullan\u0131l\u0131r?\n        <\/h3>\n      <\/button>\n      <\/div>\n      <div id=\"custom-collapse-0-2\" class=\"collapse\">\n        <div class=\"collapse-item-body\"><\/p>\n<p>Yayg\u0131n inanc\u0131n tersine, Lorem Ipsum rastgele s\u00f6zc\u00fcklerden olu\u015fmaz. K\u00f6kleri M.\u00d6. 45 tarihinden bu yana klasik Latin edebiyat\u0131na kadar uzanan 2000 y\u0131ll\u0131k bir ge\u00e7mi\u015fi vard\u0131r.<\/p>\n<p><\/div>\n      <\/div>\n    <\/div><br \/><\/div>\n\n<blockquote class=\"wp-block-quote is-layout-flow wp-block-quote-is-layout-flow\">\n<p>&#8220;Yat\u0131r\u0131m yapmay\u0131 asla b\u0131rakma. Geli\u015fmeyi asla b\u0131rakma. Yeni bir \u015feyler yapmay\u0131 asla b\u0131rakma.&#8221;<\/p>\n<cite>Herbokolog<\/cite><\/blockquote>\n","protected":false},"excerpt":{"rendered":"<p>&#8220;Yat\u0131r\u0131m yapmay\u0131 asla b\u0131rakma. Geli\u015fmeyi asla b\u0131rakma. Yeni bir \u015feyler yapmay\u0131 asla b\u0131rakma.&#8221; Herbokolog<\/p>\n","protected":false},"author":1,"featured_media":0,"parent":0,"menu_order":0,"comment_status":"open","ping_status":"closed","template":"inc\/cryptocurrencies.php","meta":{"footnotes":""},"class_list":["post-220","page","type-page","status-publish","hentry"],"_links":{"self":[{"href":"https:\/\/eduhaber.net.tr\/index.php\/wp-json\/wp\/v2\/pages\/220","targetHints":{"allow":["GET"]}}],"collection":[{"href":"https:\/\/eduhaber.net.tr\/index.php\/wp-json\/wp\/v2\/pages"}],"about":[{"href":"https:\/\/eduhaber.net.tr\/index.php\/wp-json\/wp\/v2\/types\/page"}],"author":[{"embeddable":true,"href":"https:\/\/eduhaber.net.tr\/index.php\/wp-json\/wp\/v2\/users\/1"}],"replies":[{"embeddable":true,"href":"https:\/\/eduhaber.net.tr\/index.php\/wp-json\/wp\/v2\/comments?post=220"}],"version-history":[{"count":0,"href":"https:\/\/eduhaber.net.tr\/index.php\/wp-json\/wp\/v2\/pages\/220\/revisions"}],"wp:attachment":[{"href":"https:\/\/eduhaber.net.tr\/index.php\/wp-json\/wp\/v2\/media?parent=220"}],"curies":[{"name":"wp","href":"https:\/\/api.w.org\/{rel}","templated":true}]}}